{"id":222,"date":"2025-03-27T09:41:22","date_gmt":"2025-03-27T09:41:22","guid":{"rendered":"https:\/\/fokuslab.com.tr\/?page_id=222"},"modified":"2025-03-27T13:15:14","modified_gmt":"2025-03-27T13:15:14","slug":"olympus-szx10-szx16","status":"publish","type":"page","link":"https:\/\/fokuslab.com.tr\/?page_id=222","title":{"rendered":"Olympus SZX10\/SZX16"},"content":{"rendered":"\t\t<div data-elementor-type=\"wp-post\" data-elementor-id=\"222\" class=\"elementor elementor-222\">\n\t\t\t\t<div class=\"elementor-element elementor-element-35d97ae6 e-flex e-con-boxed wpr-particle-no wpr-jarallax-no wpr-parallax-no wpr-sticky-section-no e-con e-parent\" data-id=\"35d97ae6\" data-element_type=\"container\" data-settings=\"{&quot;background_background&quot;:&quot;classic&quot;}\">\n\t\t\t\t\t<div class=\"e-con-inner\">\n\t\t\t\t<div class=\"elementor-element elementor-element-7e092c1c elementor-widget elementor-widget-heading\" data-id=\"7e092c1c\" data-element_type=\"widget\" data-widget_type=\"heading.default\">\n\t\t\t\t<div class=\"elementor-widget-container\">\n\t\t\t\t\t<h2 class=\"elementor-heading-title elementor-size-default\">Olympus SZX10\/SZX16<\/h2>\t\t\t\t<\/div>\n\t\t\t\t<\/div>\n\t\t\t\t\t<\/div>\n\t\t\t\t<\/div>\n\t\t<div class=\"elementor-element elementor-element-3f385ceb e-flex e-con-boxed wpr-particle-no wpr-jarallax-no wpr-parallax-no wpr-sticky-section-no e-con e-parent\" data-id=\"3f385ceb\" data-element_type=\"container\">\n\t\t\t\t\t<div class=\"e-con-inner\">\n\t\t<div class=\"elementor-element elementor-element-178328fb e-con-full e-flex wpr-particle-no wpr-jarallax-no wpr-parallax-no wpr-sticky-section-no e-con e-child\" data-id=\"178328fb\" data-element_type=\"container\" data-settings=\"{&quot;background_background&quot;:&quot;classic&quot;}\">\n\t\t<div class=\"elementor-element elementor-element-ba63605 e-con-full e-flex wpr-particle-no wpr-jarallax-no wpr-parallax-no wpr-sticky-section-no e-con e-child\" data-id=\"ba63605\" data-element_type=\"container\">\n\t\t\t\t<div class=\"elementor-element elementor-element-10a293d elementor-widget elementor-widget-heading\" data-id=\"10a293d\" data-element_type=\"widget\" data-widget_type=\"heading.default\">\n\t\t\t\t<div class=\"elementor-widget-container\">\n\t\t\t\t\t<h6 class=\"elementor-heading-title elementor-size-default\"><a href=\"https:\/\/fokuslab.com.tr\/?page_id=287\">M\u0130KROSKOPLAR<\/a><\/h6>\t\t\t\t<\/div>\n\t\t\t\t<\/div>\n\t\t\t\t<div class=\"elementor-element elementor-element-ac58720 elementor-widget elementor-widget-elementskit-page-list\" data-id=\"ac58720\" data-element_type=\"widget\" data-widget_type=\"elementskit-page-list.default\">\n\t\t\t\t<div class=\"elementor-widget-container\">\n\t\t\t\t\t<div class=\"ekit-wid-con\" >\t\t<div class=\"elementor-icon-list-items \">\n\t\t\t\t\t\t\t<div class=\"elementor-icon-list-item   \">\n\t\t\t\t\t\t<a class=\"elementor-repeater-item-883d744 ekit_badge_left\" href=\"https:\/\/fokuslab.com.tr\/?page_id=282\">\n\t\t\t\t\t\t\t<div class=\"ekit_page_list_content\">\n\t\t\t\t\t\t\t\t\t\t\t\t\t\t\t\t<span class=\"elementor-icon-list-text\">\n\t\t\t\t\t\t\t\t\t<span class=\"ekit_page_list_title_title\">B\u0130YOLOJ\u0130K M\u0130KROSKOPLAR<\/span>\n\t\t\t\t\t\t\t\t\t\t\t\t\t\t\t\t\t<\/span>\n\t\t\t\t\t\t\t<\/div>\n\t\t\t\t\t\t\t\t\t\t\t\t\t<\/a>\n\t\t\t\t\t<\/div>\n\t\t\t\t\t\t\t\t<div class=\"elementor-icon-list-item   \">\n\t\t\t\t\t\t<a class=\"elementor-repeater-item-18cb473 ekit_badge_left\" href=\"https:\/\/fokuslab.com.tr\/?page_id=277\">\n\t\t\t\t\t\t\t<div class=\"ekit_page_list_content\">\n\t\t\t\t\t\t\t\t\t\t\t\t\t\t\t\t\t<span class=\"elementor-icon-list-icon\">\n\t\t\t\t\t\t\t\t\t\t<svg aria-hidden=\"true\" class=\"e-font-icon-svg e-fas-arrow-circle-right\" viewBox=\"0 0 512 512\" xmlns=\"http:\/\/www.w3.org\/2000\/svg\"><path d=\"M256 8c137 0 248 111 248 248S393 504 256 504 8 393 8 256 119 8 256 8zm-28.9 143.6l75.5 72.4H120c-13.3 0-24 10.7-24 24v16c0 13.3 10.7 24 24 24h182.6l-75.5 72.4c-9.7 9.3-9.9 24.8-.4 34.3l11 10.9c9.4 9.4 24.6 9.4 33.9 0L404.3 273c9.4-9.4 9.4-24.6 0-33.9L271.6 106.3c-9.4-9.4-24.6-9.4-33.9 0l-11 10.9c-9.5 9.6-9.3 25.1.4 34.4z\"><\/path><\/svg>\t\t\t\t\t\t\t\t\t<\/span>\n\t\t\t\t\t\t\t\t\t\t\t\t\t\t\t\t<span class=\"elementor-icon-list-text\">\n\t\t\t\t\t\t\t\t\t<span class=\"ekit_page_list_title_title\">I\u015eIK M\u0130KROSKOPLARI<\/span>\n\t\t\t\t\t\t\t\t\t\t\t\t\t\t\t\t\t<\/span>\n\t\t\t\t\t\t\t<\/div>\n\t\t\t\t\t\t\t\t\t\t\t\t\t<\/a>\n\t\t\t\t\t<\/div>\n\t\t\t\t\t\t\t\t<div class=\"elementor-icon-list-item   \">\n\t\t\t\t\t\t<a class=\"elementor-repeater-item-3b0de6f ekit_badge_left\" href=\"https:\/\/fokuslab.com.tr\/?page_id=272\">\n\t\t\t\t\t\t\t<div class=\"ekit_page_list_content\">\n\t\t\t\t\t\t\t\t\t\t\t\t\t\t\t\t\t<span class=\"elementor-icon-list-icon\">\n\t\t\t\t\t\t\t\t\t\t<svg aria-hidden=\"true\" class=\"e-font-icon-svg e-fas-arrow-circle-right\" viewBox=\"0 0 512 512\" xmlns=\"http:\/\/www.w3.org\/2000\/svg\"><path d=\"M256 8c137 0 248 111 248 248S393 504 256 504 8 393 8 256 119 8 256 8zm-28.9 143.6l75.5 72.4H120c-13.3 0-24 10.7-24 24v16c0 13.3 10.7 24 24 24h182.6l-75.5 72.4c-9.7 9.3-9.9 24.8-.4 34.3l11 10.9c9.4 9.4 24.6 9.4 33.9 0L404.3 273c9.4-9.4 9.4-24.6 0-33.9L271.6 106.3c-9.4-9.4-24.6-9.4-33.9 0l-11 10.9c-9.5 9.6-9.3 25.1.4 34.4z\"><\/path><\/svg>\t\t\t\t\t\t\t\t\t<\/span>\n\t\t\t\t\t\t\t\t\t\t\t\t\t\t\t\t<span class=\"elementor-icon-list-text\">\n\t\t\t\t\t\t\t\t\t<span class=\"ekit_page_list_title_title\">STEREO M\u0130KROSKOPLAR<\/span>\n\t\t\t\t\t\t\t\t\t\t\t\t\t\t\t\t\t<\/span>\n\t\t\t\t\t\t\t<\/div>\n\t\t\t\t\t\t\t\t\t\t\t\t\t<\/a>\n\t\t\t\t\t<\/div>\n\t\t\t\t\t\t<\/div>\n\t\t<\/div>\t\t\t\t<\/div>\n\t\t\t\t<\/div>\n\t\t\t\t<div class=\"elementor-element elementor-element-f7c4729 elementor-widget elementor-widget-elementskit-page-list\" data-id=\"f7c4729\" data-element_type=\"widget\" data-widget_type=\"elementskit-page-list.default\">\n\t\t\t\t<div class=\"elementor-widget-container\">\n\t\t\t\t\t<div class=\"ekit-wid-con\" >\t\t<div class=\"elementor-icon-list-items \">\n\t\t\t\t\t\t\t<div class=\"elementor-icon-list-item   \">\n\t\t\t\t\t\t<a class=\"elementor-repeater-item-91e20f0 ekit_badge_left\" href=\"https:\/\/fokuslab.com.tr\/?page_id=267\">\n\t\t\t\t\t\t\t<div class=\"ekit_page_list_content\">\n\t\t\t\t\t\t\t\t\t\t\t\t\t\t\t\t<span class=\"elementor-icon-list-text\">\n\t\t\t\t\t\t\t\t\t<span class=\"ekit_page_list_title_title\">G\u00d6R\u00dcNT\u00dc ANAL\u0130Z S\u0130STEMLER\u0130<\/span>\n\t\t\t\t\t\t\t\t\t\t\t\t\t\t\t\t\t<\/span>\n\t\t\t\t\t\t\t<\/div>\n\t\t\t\t\t\t\t\t\t\t\t\t\t<\/a>\n\t\t\t\t\t<\/div>\n\t\t\t\t\t\t\t\t<div class=\"elementor-icon-list-item   \">\n\t\t\t\t\t\t<a class=\"elementor-repeater-item-18cb473 ekit_badge_left\" href=\"https:\/\/fokuslab.com.tr\/?page_id=262\">\n\t\t\t\t\t\t\t<div class=\"ekit_page_list_content\">\n\t\t\t\t\t\t\t\t\t\t\t\t\t\t\t\t\t<span class=\"elementor-icon-list-icon\">\n\t\t\t\t\t\t\t\t\t\t<svg aria-hidden=\"true\" class=\"e-font-icon-svg e-fas-arrow-circle-right\" viewBox=\"0 0 512 512\" xmlns=\"http:\/\/www.w3.org\/2000\/svg\"><path d=\"M256 8c137 0 248 111 248 248S393 504 256 504 8 393 8 256 119 8 256 8zm-28.9 143.6l75.5 72.4H120c-13.3 0-24 10.7-24 24v16c0 13.3 10.7 24 24 24h182.6l-75.5 72.4c-9.7 9.3-9.9 24.8-.4 34.3l11 10.9c9.4 9.4 24.6 9.4 33.9 0L404.3 273c9.4-9.4 9.4-24.6 0-33.9L271.6 106.3c-9.4-9.4-24.6-9.4-33.9 0l-11 10.9c-9.5 9.6-9.3 25.1.4 34.4z\"><\/path><\/svg>\t\t\t\t\t\t\t\t\t<\/span>\n\t\t\t\t\t\t\t\t\t\t\t\t\t\t\t\t<span class=\"elementor-icon-list-text\">\n\t\t\t\t\t\t\t\t\t<span class=\"ekit_page_list_title_title\">KAMERALAR<\/span>\n\t\t\t\t\t\t\t\t\t\t\t\t\t\t\t\t\t<\/span>\n\t\t\t\t\t\t\t<\/div>\n\t\t\t\t\t\t\t\t\t\t\t\t\t<\/a>\n\t\t\t\t\t<\/div>\n\t\t\t\t\t\t\t\t<div class=\"elementor-icon-list-item   \">\n\t\t\t\t\t\t<a class=\"elementor-repeater-item-3b0de6f ekit_badge_left\" href=\"https:\/\/fokuslab.com.tr\/?page_id=257\">\n\t\t\t\t\t\t\t<div class=\"ekit_page_list_content\">\n\t\t\t\t\t\t\t\t\t\t\t\t\t\t\t\t\t<span class=\"elementor-icon-list-icon\">\n\t\t\t\t\t\t\t\t\t\t<svg aria-hidden=\"true\" class=\"e-font-icon-svg e-fas-arrow-circle-right\" viewBox=\"0 0 512 512\" xmlns=\"http:\/\/www.w3.org\/2000\/svg\"><path d=\"M256 8c137 0 248 111 248 248S393 504 256 504 8 393 8 256 119 8 256 8zm-28.9 143.6l75.5 72.4H120c-13.3 0-24 10.7-24 24v16c0 13.3 10.7 24 24 24h182.6l-75.5 72.4c-9.7 9.3-9.9 24.8-.4 34.3l11 10.9c9.4 9.4 24.6 9.4 33.9 0L404.3 273c9.4-9.4 9.4-24.6 0-33.9L271.6 106.3c-9.4-9.4-24.6-9.4-33.9 0l-11 10.9c-9.5 9.6-9.3 25.1.4 34.4z\"><\/path><\/svg>\t\t\t\t\t\t\t\t\t<\/span>\n\t\t\t\t\t\t\t\t\t\t\t\t\t\t\t\t<span class=\"elementor-icon-list-text\">\n\t\t\t\t\t\t\t\t\t<span class=\"ekit_page_list_title_title\">G\u00d6R\u00dcNT\u00dc ANAL\u0130Z YAZILIMLARI<\/span>\n\t\t\t\t\t\t\t\t\t\t\t\t\t\t\t\t\t<\/span>\n\t\t\t\t\t\t\t<\/div>\n\t\t\t\t\t\t\t\t\t\t\t\t\t<\/a>\n\t\t\t\t\t<\/div>\n\t\t\t\t\t\t<\/div>\n\t\t<\/div>\t\t\t\t<\/div>\n\t\t\t\t<\/div>\n\t\t\t\t<div class=\"elementor-element elementor-element-284da0e elementor-widget elementor-widget-heading\" data-id=\"284da0e\" data-element_type=\"widget\" data-widget_type=\"heading.default\">\n\t\t\t\t<div class=\"elementor-widget-container\">\n\t\t\t\t\t<h6 class=\"elementor-heading-title elementor-size-default\"><a href=\"https:\/\/fokuslab.com.tr\/?page_id=252\">COOLLED \u00c7\u00d6Z\u00dcMLER\u0130<\/a><\/h6>\t\t\t\t<\/div>\n\t\t\t\t<\/div>\n\t\t\t\t<div class=\"elementor-element elementor-element-a79e26f elementor-widget elementor-widget-elementskit-page-list\" data-id=\"a79e26f\" data-element_type=\"widget\" data-widget_type=\"elementskit-page-list.default\">\n\t\t\t\t<div class=\"elementor-widget-container\">\n\t\t\t\t\t<div class=\"ekit-wid-con\" >\t\t<div class=\"elementor-icon-list-items \">\n\t\t\t\t\t\t\t<div class=\"elementor-icon-list-item   \">\n\t\t\t\t\t\t<a class=\"elementor-repeater-item-91e20f0 ekit_badge_left\" href=\"https:\/\/fokuslab.com.tr\/?page_id=247\">\n\t\t\t\t\t\t\t<div class=\"ekit_page_list_content\">\n\t\t\t\t\t\t\t\t\t\t\t\t\t\t\t\t\t<span class=\"elementor-icon-list-icon\">\n\t\t\t\t\t\t\t\t\t\t<svg aria-hidden=\"true\" class=\"e-font-icon-svg e-fas-arrow-circle-right\" viewBox=\"0 0 512 512\" xmlns=\"http:\/\/www.w3.org\/2000\/svg\"><path d=\"M256 8c137 0 248 111 248 248S393 504 256 504 8 393 8 256 119 8 256 8zm-28.9 143.6l75.5 72.4H120c-13.3 0-24 10.7-24 24v16c0 13.3 10.7 24 24 24h182.6l-75.5 72.4c-9.7 9.3-9.9 24.8-.4 34.3l11 10.9c9.4 9.4 24.6 9.4 33.9 0L404.3 273c9.4-9.4 9.4-24.6 0-33.9L271.6 106.3c-9.4-9.4-24.6-9.4-33.9 0l-11 10.9c-9.5 9.6-9.3 25.1.4 34.4z\"><\/path><\/svg>\t\t\t\t\t\t\t\t\t<\/span>\n\t\t\t\t\t\t\t\t\t\t\t\t\t\t\t\t<span class=\"elementor-icon-list-text\">\n\t\t\t\t\t\t\t\t\t<span class=\"ekit_page_list_title_title\">COOLLED<\/span>\n\t\t\t\t\t\t\t\t\t\t\t\t\t\t\t\t\t<\/span>\n\t\t\t\t\t\t\t<\/div>\n\t\t\t\t\t\t\t\t\t\t\t\t\t<\/a>\n\t\t\t\t\t<\/div>\n\t\t\t\t\t\t<\/div>\n\t\t<\/div>\t\t\t\t<\/div>\n\t\t\t\t<\/div>\n\t\t\t\t<div class=\"elementor-element elementor-element-9a66262 elementor-widget elementor-widget-heading\" data-id=\"9a66262\" data-element_type=\"widget\" data-widget_type=\"heading.default\">\n\t\t\t\t<div class=\"elementor-widget-container\">\n\t\t\t\t\t<h6 class=\"elementor-heading-title elementor-size-default\"><a href=\"https:\/\/fokuslab.com.tr\/?page_id=242\">LABORATUVAR \u00c7\u00d6Z\u00dcMLER\u0130<\/a><\/h6>\t\t\t\t<\/div>\n\t\t\t\t<\/div>\n\t\t\t\t<div class=\"elementor-element elementor-element-3c07e60 elementor-widget elementor-widget-elementskit-page-list\" data-id=\"3c07e60\" data-element_type=\"widget\" data-widget_type=\"elementskit-page-list.default\">\n\t\t\t\t<div class=\"elementor-widget-container\">\n\t\t\t\t\t<div class=\"ekit-wid-con\" >\t\t<div class=\"elementor-icon-list-items \">\n\t\t\t\t\t\t\t<div class=\"elementor-icon-list-item   \">\n\t\t\t\t\t\t<a class=\"elementor-repeater-item-91e20f0 ekit_badge_left\" href=\"https:\/\/fokuslab.com.tr\/?page_id=227\">\n\t\t\t\t\t\t\t<div class=\"ekit_page_list_content\">\n\t\t\t\t\t\t\t\t\t\t\t\t\t\t\t\t\t<span class=\"elementor-icon-list-icon\">\n\t\t\t\t\t\t\t\t\t\t<svg aria-hidden=\"true\" class=\"e-font-icon-svg e-fas-arrow-circle-right\" viewBox=\"0 0 512 512\" xmlns=\"http:\/\/www.w3.org\/2000\/svg\"><path d=\"M256 8c137 0 248 111 248 248S393 504 256 504 8 393 8 256 119 8 256 8zm-28.9 143.6l75.5 72.4H120c-13.3 0-24 10.7-24 24v16c0 13.3 10.7 24 24 24h182.6l-75.5 72.4c-9.7 9.3-9.9 24.8-.4 34.3l11 10.9c9.4 9.4 24.6 9.4 33.9 0L404.3 273c9.4-9.4 9.4-24.6 0-33.9L271.6 106.3c-9.4-9.4-24.6-9.4-33.9 0l-11 10.9c-9.5 9.6-9.3 25.1.4 34.4z\"><\/path><\/svg>\t\t\t\t\t\t\t\t\t<\/span>\n\t\t\t\t\t\t\t\t\t\t\t\t\t\t\t\t<span class=\"elementor-icon-list-text\">\n\t\t\t\t\t\t\t\t\t<span class=\"ekit_page_list_title_title\">SARF MALZEMELER<\/span>\n\t\t\t\t\t\t\t\t\t\t\t\t\t\t\t\t\t<\/span>\n\t\t\t\t\t\t\t<\/div>\n\t\t\t\t\t\t\t\t\t\t\t\t\t<\/a>\n\t\t\t\t\t<\/div>\n\t\t\t\t\t\t\t\t<div class=\"elementor-icon-list-item   \">\n\t\t\t\t\t\t<a class=\"elementor-repeater-item-18cb473 ekit_badge_left\" href=\"https:\/\/fokuslab.com.tr\/?page_id=237\">\n\t\t\t\t\t\t\t<div class=\"ekit_page_list_content\">\n\t\t\t\t\t\t\t\t\t\t\t\t\t\t\t\t\t<span class=\"elementor-icon-list-icon\">\n\t\t\t\t\t\t\t\t\t\t<svg aria-hidden=\"true\" class=\"e-font-icon-svg e-fas-arrow-circle-right\" viewBox=\"0 0 512 512\" xmlns=\"http:\/\/www.w3.org\/2000\/svg\"><path d=\"M256 8c137 0 248 111 248 248S393 504 256 504 8 393 8 256 119 8 256 8zm-28.9 143.6l75.5 72.4H120c-13.3 0-24 10.7-24 24v16c0 13.3 10.7 24 24 24h182.6l-75.5 72.4c-9.7 9.3-9.9 24.8-.4 34.3l11 10.9c9.4 9.4 24.6 9.4 33.9 0L404.3 273c9.4-9.4 9.4-24.6 0-33.9L271.6 106.3c-9.4-9.4-24.6-9.4-33.9 0l-11 10.9c-9.5 9.6-9.3 25.1.4 34.4z\"><\/path><\/svg>\t\t\t\t\t\t\t\t\t<\/span>\n\t\t\t\t\t\t\t\t\t\t\t\t\t\t\t\t<span class=\"elementor-icon-list-text\">\n\t\t\t\t\t\t\t\t\t<span class=\"ekit_page_list_title_title\">K\u0130MYASAL MALZEMELER<\/span>\n\t\t\t\t\t\t\t\t\t\t\t\t\t\t\t\t\t<\/span>\n\t\t\t\t\t\t\t<\/div>\n\t\t\t\t\t\t\t\t\t\t\t\t\t<\/a>\n\t\t\t\t\t<\/div>\n\t\t\t\t\t\t\t\t<div class=\"elementor-icon-list-item   \">\n\t\t\t\t\t\t<a class=\"elementor-repeater-item-3b0de6f ekit_badge_left\" href=\"https:\/\/fokuslab.com.tr\/?page_id=232\">\n\t\t\t\t\t\t\t<div class=\"ekit_page_list_content\">\n\t\t\t\t\t\t\t\t\t\t\t\t\t\t\t\t\t<span class=\"elementor-icon-list-icon\">\n\t\t\t\t\t\t\t\t\t\t<svg aria-hidden=\"true\" class=\"e-font-icon-svg e-fas-arrow-circle-right\" viewBox=\"0 0 512 512\" xmlns=\"http:\/\/www.w3.org\/2000\/svg\"><path d=\"M256 8c137 0 248 111 248 248S393 504 256 504 8 393 8 256 119 8 256 8zm-28.9 143.6l75.5 72.4H120c-13.3 0-24 10.7-24 24v16c0 13.3 10.7 24 24 24h182.6l-75.5 72.4c-9.7 9.3-9.9 24.8-.4 34.3l11 10.9c9.4 9.4 24.6 9.4 33.9 0L404.3 273c9.4-9.4 9.4-24.6 0-33.9L271.6 106.3c-9.4-9.4-24.6-9.4-33.9 0l-11 10.9c-9.5 9.6-9.3 25.1.4 34.4z\"><\/path><\/svg>\t\t\t\t\t\t\t\t\t<\/span>\n\t\t\t\t\t\t\t\t\t\t\t\t\t\t\t\t<span class=\"elementor-icon-list-text\">\n\t\t\t\t\t\t\t\t\t<span class=\"ekit_page_list_title_title\">LABORATUVAR C\u0130HAZLARI<\/span>\n\t\t\t\t\t\t\t\t\t\t\t\t\t\t\t\t\t<\/span>\n\t\t\t\t\t\t\t<\/div>\n\t\t\t\t\t\t\t\t\t\t\t\t\t<\/a>\n\t\t\t\t\t<\/div>\n\t\t\t\t\t\t<\/div>\n\t\t<\/div>\t\t\t\t<\/div>\n\t\t\t\t<\/div>\n\t\t\t\t<\/div>\n\t\t\t\t<\/div>\n\t\t<div class=\"elementor-element elementor-element-6b9c8da9 e-con-full e-flex wpr-particle-no wpr-jarallax-no wpr-parallax-no wpr-sticky-section-no e-con e-child\" data-id=\"6b9c8da9\" data-element_type=\"container\">\n\t\t<div class=\"elementor-element elementor-element-dfef595 e-con-full e-flex wpr-particle-no wpr-jarallax-no wpr-parallax-no wpr-sticky-section-no e-con e-child\" data-id=\"dfef595\" data-element_type=\"container\">\n\t\t<div class=\"elementor-element elementor-element-6217faa6 e-con-full e-flex wpr-particle-no wpr-jarallax-no wpr-parallax-no wpr-sticky-section-no e-con e-child\" data-id=\"6217faa6\" data-element_type=\"container\">\n\t\t<div class=\"elementor-element elementor-element-798ba5b9 e-con-full e-flex wpr-particle-no wpr-jarallax-no wpr-parallax-no wpr-sticky-section-no e-con e-child\" data-id=\"798ba5b9\" data-element_type=\"container\">\n\t\t\t\t<div class=\"elementor-element elementor-element-70de67eb elementor-widget__width-initial elementor-widget elementor-widget-image\" data-id=\"70de67eb\" data-element_type=\"widget\" data-widget_type=\"image.default\">\n\t\t\t\t<div class=\"elementor-widget-container\">\n\t\t\t\t\t\t\t\t\t\t\t\t\t\t\t<img fetchpriority=\"high\" decoding=\"async\" width=\"600\" height=\"750\" src=\"https:\/\/fokuslab.com.tr\/wp-content\/uploads\/2025\/03\/Olympus-SZX10-SZX16-1.png\" class=\"attachment-full size-full wp-image-85\" alt=\"\" srcset=\"https:\/\/fokuslab.com.tr\/wp-content\/uploads\/2025\/03\/Olympus-SZX10-SZX16-1.png 600w, https:\/\/fokuslab.com.tr\/wp-content\/uploads\/2025\/03\/Olympus-SZX10-SZX16-1-240x300.png 240w\" sizes=\"(max-width: 600px) 100vw, 600px\" \/>\t\t\t\t\t\t\t\t\t\t\t\t\t\t\t<\/div>\n\t\t\t\t<\/div>\n\t\t\t\t<\/div>\n\t\t<div class=\"elementor-element elementor-element-a99603e e-con-full e-flex wpr-particle-no wpr-jarallax-no wpr-parallax-no wpr-sticky-section-no e-con e-child\" data-id=\"a99603e\" data-element_type=\"container\">\n\t\t\t\t<div class=\"elementor-element elementor-element-77ad59ab elementor-widget elementor-widget-heading\" data-id=\"77ad59ab\" data-element_type=\"widget\" data-widget_type=\"heading.default\">\n\t\t\t\t<div class=\"elementor-widget-container\">\n\t\t\t\t\t<h6 class=\"elementor-heading-title elementor-size-default\">Olympus SZX10\/SZX16<\/h6>\t\t\t\t<\/div>\n\t\t\t\t<\/div>\n\t\t\t\t<div class=\"elementor-element elementor-element-45297950 elementor-widget elementor-widget-text-editor\" data-id=\"45297950\" data-element_type=\"widget\" data-widget_type=\"text-editor.default\">\n\t\t\t\t<div class=\"elementor-widget-container\">\n\t\t\t\t\t\t\t\t\t<p>SZX10 Ara\u015ft\u0131rma Tipi Stereo Mikroskop<br \/>SZX10 stereo mikroskobun 1x objektifi ile 6.3x ila 63x gibi geni\u015f bir b\u00fcy\u00fctme aral\u0131\u011f\u0131, kullan\u0131c\u0131lar\u0131n objektif lenslerini de\u011fi\u015ftirmek zorunda kalmadan \u00e7e\u015fitli b\u00fcy\u00fctmelerde inceleme yapmas\u0131n\u0131 sa\u011flar. Tekrarlanabilir ve do\u011fru g\u00f6r\u00fcnt\u00fcleme i\u00e7in tasarlanm\u0131\u015f olan 11 konumlu \u201cclick-stop\u201d \u00f6zelli\u011fi sayesinde tutarl\u0131 ve h\u0131zl\u0131 inceleme yap\u0131lmas\u0131na imkan sa\u011flar.<\/p><p>SZX16 \u0130leri D\u00fczey Ara\u015ft\u0131rmalar i\u00e7in Stereo Mikroskop<br \/>\u00c7ok y\u00f6nl\u00fc olarak tasarlanan SZX16 model ara\u015ft\u0131rma tipi stereo mikroskop, 7x ila 115x b\u00fcy\u00fctme aral\u0131\u011f\u0131 ve 900 ln\/mm \u00e7\u00f6z\u00fcn\u00fcrl\u00fck ile s\u0131n\u0131f\u0131n\u0131n en geni\u015f b\u00fcy\u00fctme aral\u0131\u011f\u0131na ve en y\u00fcksek \u00e7\u00f6z\u00fcn\u00fcrl\u00fc\u011fe sahip stereo mikroskobudur. S\u00fcper odak derinli\u011fine sahip objektifler, neredeyse t\u00fcm numunelerin net ve y\u00fcksek kontrastl\u0131 g\u00f6r\u00fcnt\u00fclerinin al\u0131nmas\u0131n\u0131 sa\u011flar. SZX10 ve SZX16 stereo mikroskoplar ile birlikte kullan\u0131lan 2\u2019li objektif revolver sayesinde ayn\u0131 anda iki objektifi mikroskopta kullanabilir ve dikey g\u00f6r\u00fcnt\u00fcleme yaparak odak bozulmas\u0131n\u0131n ortadan kalkmas\u0131n\u0131 sa\u011flar.<\/p>\t\t\t\t\t\t\t\t<\/div>\n\t\t\t\t<\/div>\n\t\t\t\t<\/div>\n\t\t\t\t<\/div>\n\t\t\t\t<\/div>\n\t\t\t\t<\/div>\n\t\t\t\t\t<\/div>\n\t\t\t\t<\/div>\n\t\t\t\t<\/div>\n\t\t","protected":false},"excerpt":{"rendered":"<p>Olympus SZX10\/SZX16 M\u0130KROSKOPLAR B\u0130YOLOJ\u0130K M\u0130KROSKOPLAR I\u015eIK M\u0130KROSKOPLARI STEREO M\u0130KROSKOPLAR G\u00d6R\u00dcNT\u00dc ANAL\u0130Z S\u0130STEMLER\u0130 KAMERALAR G\u00d6R\u00dcNT\u00dc ANAL\u0130Z YAZILIMLARI COOLLED \u00c7\u00d6Z\u00dcMLER\u0130 COOLLED LABORATUVAR \u00c7\u00d6Z\u00dcMLER\u0130 SARF MALZEMELER K\u0130MYASAL MALZEMELER LABORATUVAR C\u0130HAZLARI Olympus SZX10\/SZX16 SZX10 Ara\u015ft\u0131rma Tipi Stereo MikroskopSZX10 stereo mikroskobun 1x objektifi ile 6.3x ila 63x gibi geni\u015f bir b\u00fcy\u00fctme aral\u0131\u011f\u0131, kullan\u0131c\u0131lar\u0131n objektif lenslerini de\u011fi\u015ftirmek zorunda kalmadan \u00e7e\u015fitli b\u00fcy\u00fctmelerde inceleme yapmas\u0131n\u0131 sa\u011flar. Tekrarlanabilir ve do\u011fru g\u00f6r\u00fcnt\u00fcleme i\u00e7in tasarlanm\u0131\u015f olan 11 konumlu \u201cclick-stop\u201d \u00f6zelli\u011fi sayesinde tutarl\u0131 ve h\u0131zl\u0131 inceleme yap\u0131lmas\u0131na imkan sa\u011flar. SZX16 \u0130leri D\u00fczey Ara\u015ft\u0131rmalar i\u00e7in Stereo Mikroskop\u00c7ok y\u00f6nl\u00fc olarak tasarlanan SZX16 model ara\u015ft\u0131rma tipi stereo mikroskop, 7x ila 115x b\u00fcy\u00fctme aral\u0131\u011f\u0131 ve 900 ln\/mm \u00e7\u00f6z\u00fcn\u00fcrl\u00fck ile s\u0131n\u0131f\u0131n\u0131n en geni\u015f b\u00fcy\u00fctme aral\u0131\u011f\u0131na ve en y\u00fcksek \u00e7\u00f6z\u00fcn\u00fcrl\u00fc\u011fe sahip stereo mikroskobudur. S\u00fcper odak derinli\u011fine sahip objektifler, neredeyse t\u00fcm numunelerin net ve y\u00fcksek kontrastl\u0131 g\u00f6r\u00fcnt\u00fclerinin al\u0131nmas\u0131n\u0131 sa\u011flar. SZX10 ve SZX16 stereo mikroskoplar ile birlikte kullan\u0131lan 2\u2019li objektif revolver sayesinde ayn\u0131 anda iki objektifi mikroskopta kullanabilir ve dikey g\u00f6r\u00fcnt\u00fcleme yaparak odak bozulmas\u0131n\u0131n ortadan kalkmas\u0131n\u0131 sa\u011flar.<\/p>\n","protected":false},"author":1,"featured_media":0,"parent":0,"menu_order":0,"comment_status":"closed","ping_status":"closed","template":"","meta":{"site-sidebar-layout":"no-sidebar","site-content-layout":"","ast-site-content-layout":"full-width-container","site-content-style":"default","site-sidebar-style":"default","ast-global-header-display":"","ast-banner-title-visibility":"","ast-main-header-display":"","ast-hfb-above-header-display":"","ast-hfb-below-header-display":"","ast-hfb-mobile-header-display":"","site-post-title":"disabled","ast-breadcrumbs-content":"","ast-featured-img":"disabled","footer-sml-layout":"","theme-transparent-header-meta":"","adv-header-id-meta":"","stick-header-meta":"","header-above-stick-meta":"","header-main-stick-meta":"","header-below-stick-meta":"","astra-migrate-meta-layouts":"default","ast-page-background-enabled":"default","ast-page-background-meta":{"desktop":{"background-color":"var(--ast-global-color-5)","background-image":"","background-repeat":"repeat","background-position":"center center","background-size":"auto","background-attachment":"scroll","background-type":"","background-media":"","overlay-type":"","overlay-color":"","overlay-opacity":"","overlay-gradient":""},"tablet":{"background-color":"","background-image":"","background-repeat":"repeat","background-position":"center center","background-size":"auto","background-attachment":"scroll","background-type":"","background-media":"","overlay-type":"","overlay-color":"","overlay-opacity":"","overlay-gradient":""},"mobile":{"background-color":"","background-image":"","background-repeat":"repeat","background-position":"center center","background-size":"auto","background-attachment":"scroll","background-type":"","background-media":"","overlay-type":"","overlay-color":"","overlay-opacity":"","overlay-gradient":""}},"ast-content-background-meta":{"desktop":{"background-color":"var(--ast-global-color-4)","background-image":"","background-repeat":"repeat","background-position":"center center","background-size":"auto","background-attachment":"scroll","background-type":"","background-media":"","overlay-type":"","overlay-color":"","overlay-opacity":"","overlay-gradient":""},"tablet":{"background-color":"var(--ast-global-color-4)","background-image":"","background-repeat":"repeat","background-position":"center center","background-size":"auto","background-attachment":"scroll","background-type":"","background-media":"","overlay-type":"","overlay-color":"","overlay-opacity":"","overlay-gradient":""},"mobile":{"background-color":"var(--ast-global-color-4)","background-image":"","background-repeat":"repeat","background-position":"center center","background-size":"auto","background-attachment":"scroll","background-type":"","background-media":"","overlay-type":"","overlay-color":"","overlay-opacity":"","overlay-gradient":""}},"footnotes":""},"class_list":["post-222","page","type-page","status-publish","hentry"],"_links":{"self":[{"href":"https:\/\/fokuslab.com.tr\/index.php?rest_route=\/wp\/v2\/pages\/222","targetHints":{"allow":["GET"]}}],"collection":[{"href":"https:\/\/fokuslab.com.tr\/index.php?rest_route=\/wp\/v2\/pages"}],"about":[{"href":"https:\/\/fokuslab.com.tr\/index.php?rest_route=\/wp\/v2\/types\/page"}],"author":[{"embeddable":true,"href":"https:\/\/fokuslab.com.tr\/index.php?rest_route=\/wp\/v2\/users\/1"}],"replies":[{"embeddable":true,"href":"https:\/\/fokuslab.com.tr\/index.php?rest_route=%2Fwp%2Fv2%2Fcomments&post=222"}],"version-history":[{"count":7,"href":"https:\/\/fokuslab.com.tr\/index.php?rest_route=\/wp\/v2\/pages\/222\/revisions"}],"predecessor-version":[{"id":439,"href":"https:\/\/fokuslab.com.tr\/index.php?rest_route=\/wp\/v2\/pages\/222\/revisions\/439"}],"wp:attachment":[{"href":"https:\/\/fokuslab.com.tr\/index.php?rest_route=%2Fwp%2Fv2%2Fmedia&parent=222"}],"curies":[{"name":"wp","href":"https:\/\/api.w.org\/{rel}","templated":true}]}}